{"id":13201,"date":"2022-12-14T18:55:34","date_gmt":"2022-12-14T18:55:34","guid":{"rendered":"https:\/\/juteba.com\/?page_id=13201"},"modified":"2022-12-14T19:29:41","modified_gmt":"2022-12-14T19:29:41","slug":"repasadora-de-huesos-fmc","status":"publish","type":"page","link":"https:\/\/juteba.com\/?page_id=13201","title":{"rendered":"REPASADORA DE HUESOS FMC"},"content":{"rendered":"\t\t<div data-elementor-type=\"wp-page\" data-elementor-id=\"13201\" class=\"elementor elementor-13201\">\n\t\t\t\t\t\t<section class=\"elementor-section elementor-top-section elementor-element elementor-element-86d53e3 elementor-section-boxed elementor-section-height-default elementor-section-height-default\" data-id=\"86d53e3\" data-element_type=\"section\" data-e-type=\"section\">\n\t\t\t\t\t\t<div class=\"elementor-container elementor-column-gap-default\">\n\t\t\t\t\t<div class=\"elementor-column elementor-col-66 elementor-top-column elementor-element elementor-element-aa49dd4 top column-style-top\" data-id=\"aa49dd4\" data-element_type=\"column\" data-e-type=\"column\">\n\t\t\t<div class=\"elementor-widget-wrap elementor-element-populated\">\n\t\t\t\t\t\t<div class=\"elementor-element elementor-element-be2a827 elementor-arrows-position-inside elementor-pagination-position-outside elementor-widget elementor-widget-image-carousel\" data-id=\"be2a827\" data-element_type=\"widget\" data-e-type=\"widget\" data-settings=\"{&quot;slides_to_show&quot;:&quot;1&quot;,&quot;navigation&quot;:&quot;both&quot;,&quot;autoplay&quot;:&quot;yes&quot;,&quot;pause_on_hover&quot;:&quot;yes&quot;,&quot;pause_on_interaction&quot;:&quot;yes&quot;,&quot;autoplay_speed&quot;:5000,&quot;infinite&quot;:&quot;yes&quot;,&quot;effect&quot;:&quot;slide&quot;,&quot;speed&quot;:500}\" data-widget_type=\"image-carousel.default\">\n\t\t\t\t<div class=\"elementor-widget-container\">\n\t\t\t\t\t\t\t<div class=\"elementor-image-carousel-wrapper swiper\" role=\"region\" aria-roledescription=\"carousel\" aria-label=\"Carrusel de im\u00e1genes\" dir=\"ltr\">\n\t\t\t<div class=\"elementor-image-carousel swiper-wrapper\" aria-live=\"off\">\n\t\t\t\t\t\t\t\t<div class=\"swiper-slide\" role=\"group\" aria-roledescription=\"slide\" aria-label=\"1 de 9\"><figure class=\"swiper-slide-inner\"><img decoding=\"async\" class=\"swiper-slide-image\" src=\"https:\/\/juteba.com\/wp-content\/uploads\/2022\/12\/IMG_20220525_160716-wpcbFsRJ9-transformed-600x600.jpeg\" alt=\"IMG_20220525_160716-wpcbFsRJ9-transformed\" \/><\/figure><\/div><div class=\"swiper-slide\" role=\"group\" aria-roledescription=\"slide\" aria-label=\"2 de 9\"><figure class=\"swiper-slide-inner\"><img decoding=\"async\" class=\"swiper-slide-image\" src=\"https:\/\/juteba.com\/wp-content\/uploads\/2022\/12\/IMG_20220525_160600-gykzlEGk-transformed-600x600.jpeg\" alt=\"IMG_20220525_160600--gykzlEGk-transformed\" \/><\/figure><\/div><div class=\"swiper-slide\" role=\"group\" aria-roledescription=\"slide\" aria-label=\"3 de 9\"><figure class=\"swiper-slide-inner\"><img decoding=\"async\" class=\"swiper-slide-image\" src=\"https:\/\/juteba.com\/wp-content\/uploads\/2022\/12\/IMG_20220525_160633-transformed-600x600.jpeg\" alt=\"IMG_20220525_160633-transformed\" \/><\/figure><\/div><div class=\"swiper-slide\" role=\"group\" aria-roledescription=\"slide\" aria-label=\"4 de 9\"><figure class=\"swiper-slide-inner\"><img decoding=\"async\" class=\"swiper-slide-image\" src=\"https:\/\/juteba.com\/wp-content\/uploads\/2022\/12\/IMG_20220525_160636-transformed-600x600.jpeg\" alt=\"IMG_20220525_160636-transformed\" \/><\/figure><\/div><div class=\"swiper-slide\" role=\"group\" aria-roledescription=\"slide\" aria-label=\"5 de 9\"><figure class=\"swiper-slide-inner\"><img decoding=\"async\" class=\"swiper-slide-image\" src=\"https:\/\/juteba.com\/wp-content\/uploads\/2022\/12\/IMG_20220525_160657-transformed-600x600.jpeg\" alt=\"IMG_20220525_160657-transformed\" \/><\/figure><\/div><div class=\"swiper-slide\" role=\"group\" aria-roledescription=\"slide\" aria-label=\"6 de 9\"><figure class=\"swiper-slide-inner\"><img decoding=\"async\" class=\"swiper-slide-image\" src=\"https:\/\/juteba.com\/wp-content\/uploads\/2022\/12\/IMG_20220525_160703-transformed-600x600.jpeg\" alt=\"IMG_20220525_160703-transformed\" \/><\/figure><\/div><div class=\"swiper-slide\" role=\"group\" aria-roledescription=\"slide\" aria-label=\"7 de 9\"><figure class=\"swiper-slide-inner\"><img decoding=\"async\" class=\"swiper-slide-image\" src=\"https:\/\/juteba.com\/wp-content\/uploads\/2022\/12\/IMG_20220525_160711-transformed-600x600.jpeg\" alt=\"IMG_20220525_160711-transformed\" \/><\/figure><\/div><div class=\"swiper-slide\" role=\"group\" aria-roledescription=\"slide\" aria-label=\"8 de 9\"><figure class=\"swiper-slide-inner\"><img decoding=\"async\" class=\"swiper-slide-image\" src=\"https:\/\/juteba.com\/wp-content\/uploads\/2022\/12\/IMG_20220525_160737-transformed-600x600.jpeg\" alt=\"IMG_20220525_160737-transformed\" \/><\/figure><\/div><div class=\"swiper-slide\" role=\"group\" aria-roledescription=\"slide\" aria-label=\"9 de 9\"><figure class=\"swiper-slide-inner\"><img decoding=\"async\" class=\"swiper-slide-image\" src=\"https:\/\/juteba.com\/wp-content\/uploads\/2022\/12\/IMG_20220525_160723-transformed-600x600.jpeg\" alt=\"IMG_20220525_160723-transformed\" \/><\/figure><\/div>\t\t\t<\/div>\n\t\t\t\t\t\t\t\t\t\t\t\t<div class=\"elementor-swiper-button elementor-swiper-button-prev\" role=\"button\" tabindex=\"0\">\n\t\t\t\t\t\t<i aria-hidden=\"true\" class=\"eicon-chevron-left\"><\/i>\t\t\t\t\t<\/div>\n\t\t\t\t\t<div class=\"elementor-swiper-button elementor-swiper-button-next\" role=\"button\" tabindex=\"0\">\n\t\t\t\t\t\t<i aria-hidden=\"true\" class=\"eicon-chevron-right\"><\/i>\t\t\t\t\t<\/div>\n\t\t\t\t\n\t\t\t\t\t\t\t\t\t<div class=\"swiper-pagination\"><\/div>\n\t\t\t\t\t\t\t\t\t<\/div>\n\t\t\t\t\t\t<\/div>\n\t\t\t\t<\/div>\n\t\t\t\t\t<\/div>\n\t\t<\/div>\n\t\t\t\t<div class=\"elementor-column elementor-col-33 elementor-top-column elementor-element elementor-element-e29af16 top column-style-top\" data-id=\"e29af16\" data-element_type=\"column\" data-e-type=\"column\">\n\t\t\t<div class=\"elementor-widget-wrap elementor-element-populated\">\n\t\t\t\t\t\t<div class=\"elementor-element elementor-element-49ebdeb elementor-widget elementor-widget-text-editor\" data-id=\"49ebdeb\" data-element_type=\"widget\" data-e-type=\"widget\" data-widget_type=\"text-editor.default\">\n\t\t\t\t<div class=\"elementor-widget-container\">\n\t\t\t\t\t\t\t\t\t<p>Repasadora de Huesos FMC<\/p><p><span style=\"color: #000000; font-family: Rubik, Verdana, Arial, sans-serif; font-size: 14px; white-space: break-spaces;\">De la marca FMC modelo: 6219. <br \/>Tensi\u00f3n: Trif\u00e1sica 220 V<br \/>A\u00f1o: 1998<br \/>Disponemos de 1 unidad.<\/span><\/p>\t\t\t\t\t\t\t\t<\/div>\n\t\t\t\t<\/div>\n\t\t\t\t\t<\/div>\n\t\t<\/div>\n\t\t\t\t\t<\/div>\n\t\t<\/section>\n\t\t\t\t<\/div>\n\t\t","protected":false},"excerpt":{"rendered":"<p>Anterior Siguiente Repasadora de Huesos FMC De la marca FMC modelo: 6219. Tensi\u00f3n: Trif\u00e1sica 220 VA\u00f1o: 1998Disponemos de 1 unidad.<\/p>\n","protected":false},"author":1,"featured_media":0,"parent":0,"menu_order":0,"comment_status":"closed","ping_status":"closed","template":"","meta":{"footnotes":""},"class_list":["post-13201","page","type-page","status-publish","hentry"],"yoast_head":"<!-- This site is optimized with the Yoast SEO plugin v20.12 - https:\/\/yoast.com\/wordpress\/plugins\/seo\/ -->\n<title>REPASADORA DE HUESOS FMC - Talleres Juteba -<\/title>\n<meta name=\"robots\" content=\"index, follow, max-snippet:-1, max-image-preview:large, max-video-preview:-1\" \/>\n<link rel=\"canonical\" href=\"https:\/\/juteba.com\/?page_id=13201\" \/>\n<meta property=\"og:locale\" content=\"es_ES\" \/>\n<meta property=\"og:type\" content=\"article\" \/>\n<meta property=\"og:title\" content=\"REPASADORA DE HUESOS FMC - Talleres Juteba -\" \/>\n<meta property=\"og:description\" content=\"Anterior Siguiente Repasadora de Huesos FMC De la marca FMC modelo: 6219. Tensi\u00f3n: Trif\u00e1sica 220 VA\u00f1o: 1998Disponemos de 1 unidad.\" \/>\n<meta property=\"og:url\" content=\"https:\/\/juteba.com\/?page_id=13201\" \/>\n<meta property=\"og:site_name\" content=\"Talleres Juteba -\" \/>\n<meta property=\"article:publisher\" content=\"https:\/\/www.facebook.com\/talleresjuteba\/\" \/>\n<meta property=\"article:modified_time\" content=\"2022-12-14T19:29:41+00:00\" \/>\n<meta property=\"og:image\" content=\"https:\/\/juteba.com\/wp-content\/uploads\/2022\/12\/IMG_20220525_160716-wpcbFsRJ9-transformed-600x600.jpeg\" \/>\n<meta name=\"twitter:card\" content=\"summary_large_image\" \/>\n<meta name=\"twitter:label1\" content=\"Tiempo de lectura\" \/>\n\t<meta name=\"twitter:data1\" content=\"3 minutos\" \/>\n<script type=\"application\/ld+json\" class=\"yoast-schema-graph\">{\"@context\":\"https:\/\/schema.org\",\"@graph\":[{\"@type\":\"WebPage\",\"@id\":\"https:\/\/juteba.com\/?page_id=13201\",\"url\":\"https:\/\/juteba.com\/?page_id=13201\",\"name\":\"REPASADORA DE HUESOS FMC - Talleres Juteba -\",\"isPartOf\":{\"@id\":\"https:\/\/juteba.com\/#website\"},\"datePublished\":\"2022-12-14T18:55:34+00:00\",\"dateModified\":\"2022-12-14T19:29:41+00:00\",\"breadcrumb\":{\"@id\":\"https:\/\/juteba.com\/?page_id=13201#breadcrumb\"},\"inLanguage\":\"es\",\"potentialAction\":[{\"@type\":\"ReadAction\",\"target\":[\"https:\/\/juteba.com\/?page_id=13201\"]}]},{\"@type\":\"BreadcrumbList\",\"@id\":\"https:\/\/juteba.com\/?page_id=13201#breadcrumb\",\"itemListElement\":[{\"@type\":\"ListItem\",\"position\":1,\"name\":\"Home\",\"item\":\"https:\/\/juteba.com\/\"},{\"@type\":\"ListItem\",\"position\":2,\"name\":\"REPASADORA DE HUESOS FMC\"}]},{\"@type\":\"WebSite\",\"@id\":\"https:\/\/juteba.com\/#website\",\"url\":\"https:\/\/juteba.com\/\",\"name\":\"Talleres Juteba -\",\"description\":\"Compra-Venta de Maquinaria de Alimentaci\u00f3n\",\"publisher\":{\"@id\":\"https:\/\/juteba.com\/#organization\"},\"potentialAction\":[{\"@type\":\"SearchAction\",\"target\":{\"@type\":\"EntryPoint\",\"urlTemplate\":\"https:\/\/juteba.com\/?s={search_term_string}\"},\"query-input\":\"required name=search_term_string\"}],\"inLanguage\":\"es\"},{\"@type\":\"Organization\",\"@id\":\"https:\/\/juteba.com\/#organization\",\"name\":\"Talleres Juteba -\",\"url\":\"https:\/\/juteba.com\/\",\"logo\":{\"@type\":\"ImageObject\",\"inLanguage\":\"es\",\"@id\":\"https:\/\/juteba.com\/#\/schema\/logo\/image\/\",\"url\":\"https:\/\/juteba.com\/wp-content\/uploads\/2022\/10\/Logo-Juteba.jpg\",\"contentUrl\":\"https:\/\/juteba.com\/wp-content\/uploads\/2022\/10\/Logo-Juteba.jpg\",\"width\":589,\"height\":185,\"caption\":\"Talleres Juteba -\"},\"image\":{\"@id\":\"https:\/\/juteba.com\/#\/schema\/logo\/image\/\"},\"sameAs\":[\"https:\/\/www.facebook.com\/talleresjuteba\/\",\"https:\/\/www.linkedin.com\/company\/talleres-juteba\"]}]}<\/script>\n<!-- \/ Yoast SEO plugin. -->","yoast_head_json":{"title":"REPASADORA DE HUESOS FMC - Talleres Juteba -","robots":{"index":"index","follow":"follow","max-snippet":"max-snippet:-1","max-image-preview":"max-image-preview:large","max-video-preview":"max-video-preview:-1"},"canonical":"https:\/\/juteba.com\/?page_id=13201","og_locale":"es_ES","og_type":"article","og_title":"REPASADORA DE HUESOS FMC - Talleres Juteba -","og_description":"Anterior Siguiente Repasadora de Huesos FMC De la marca FMC modelo: 6219. Tensi\u00f3n: Trif\u00e1sica 220 VA\u00f1o: 1998Disponemos de 1 unidad.","og_url":"https:\/\/juteba.com\/?page_id=13201","og_site_name":"Talleres Juteba -","article_publisher":"https:\/\/www.facebook.com\/talleresjuteba\/","article_modified_time":"2022-12-14T19:29:41+00:00","og_image":[{"url":"https:\/\/juteba.com\/wp-content\/uploads\/2022\/12\/IMG_20220525_160716-wpcbFsRJ9-transformed-600x600.jpeg"}],"twitter_card":"summary_large_image","twitter_misc":{"Tiempo de lectura":"3 minutos"},"schema":{"@context":"https:\/\/schema.org","@graph":[{"@type":"WebPage","@id":"https:\/\/juteba.com\/?page_id=13201","url":"https:\/\/juteba.com\/?page_id=13201","name":"REPASADORA DE HUESOS FMC - Talleres Juteba -","isPartOf":{"@id":"https:\/\/juteba.com\/#website"},"datePublished":"2022-12-14T18:55:34+00:00","dateModified":"2022-12-14T19:29:41+00:00","breadcrumb":{"@id":"https:\/\/juteba.com\/?page_id=13201#breadcrumb"},"inLanguage":"es","potentialAction":[{"@type":"ReadAction","target":["https:\/\/juteba.com\/?page_id=13201"]}]},{"@type":"BreadcrumbList","@id":"https:\/\/juteba.com\/?page_id=13201#breadcrumb","itemListElement":[{"@type":"ListItem","position":1,"name":"Home","item":"https:\/\/juteba.com\/"},{"@type":"ListItem","position":2,"name":"REPASADORA DE HUESOS FMC"}]},{"@type":"WebSite","@id":"https:\/\/juteba.com\/#website","url":"https:\/\/juteba.com\/","name":"Talleres Juteba -","description":"Compra-Venta de Maquinaria de Alimentaci\u00f3n","publisher":{"@id":"https:\/\/juteba.com\/#organization"},"potentialAction":[{"@type":"SearchAction","target":{"@type":"EntryPoint","urlTemplate":"https:\/\/juteba.com\/?s={search_term_string}"},"query-input":"required name=search_term_string"}],"inLanguage":"es"},{"@type":"Organization","@id":"https:\/\/juteba.com\/#organization","name":"Talleres Juteba -","url":"https:\/\/juteba.com\/","logo":{"@type":"ImageObject","inLanguage":"es","@id":"https:\/\/juteba.com\/#\/schema\/logo\/image\/","url":"https:\/\/juteba.com\/wp-content\/uploads\/2022\/10\/Logo-Juteba.jpg","contentUrl":"https:\/\/juteba.com\/wp-content\/uploads\/2022\/10\/Logo-Juteba.jpg","width":589,"height":185,"caption":"Talleres Juteba -"},"image":{"@id":"https:\/\/juteba.com\/#\/schema\/logo\/image\/"},"sameAs":["https:\/\/www.facebook.com\/talleresjuteba\/","https:\/\/www.linkedin.com\/company\/talleres-juteba"]}]}},"_links":{"self":[{"href":"https:\/\/juteba.com\/index.php?rest_route=\/wp\/v2\/pages\/13201","targetHints":{"allow":["GET"]}}],"collection":[{"href":"https:\/\/juteba.com\/index.php?rest_route=\/wp\/v2\/pages"}],"about":[{"href":"https:\/\/juteba.com\/index.php?rest_route=\/wp\/v2\/types\/page"}],"author":[{"embeddable":true,"href":"https:\/\/juteba.com\/index.php?rest_route=\/wp\/v2\/users\/1"}],"replies":[{"embeddable":true,"href":"https:\/\/juteba.com\/index.php?rest_route=%2Fwp%2Fv2%2Fcomments&post=13201"}],"version-history":[{"count":4,"href":"https:\/\/juteba.com\/index.php?rest_route=\/wp\/v2\/pages\/13201\/revisions"}],"predecessor-version":[{"id":13217,"href":"https:\/\/juteba.com\/index.php?rest_route=\/wp\/v2\/pages\/13201\/revisions\/13217"}],"wp:attachment":[{"href":"https:\/\/juteba.com\/index.php?rest_route=%2Fwp%2Fv2%2Fmedia&parent=13201"}],"curies":[{"name":"wp","href":"https:\/\/api.w.org\/{rel}","templated":true}]}}